{"id":19573,"date":"2025-06-03T12:50:04","date_gmt":"2025-06-03T12:50:04","guid":{"rendered":"https:\/\/ncuk.malverninternational.com\/?page_id=19573"},"modified":"2025-11-26T10:09:38","modified_gmt":"2025-11-26T10:09:38","slug":"nop-don-ngay","status":"publish","type":"page","link":"https:\/\/ncuk.malverninternational.com\/vi\/apply-now\/","title":{"rendered":"N\u1ed9p \u0111\u01a1n ngay"},"content":{"rendered":"<div data-elementor-type=\"wp-page\" data-elementor-id=\"19573\" class=\"elementor elementor-19573\" data-elementor-post-type=\"page\">\n\t\t\t\t<div class=\"elementor-element elementor-element-68d4add8 body-header-small e-flex e-con-boxed translate-yes e-con e-parent\" data-id=\"68d4add8\" data-element_type=\"container\" data-e-type=\"container\" data-settings=\"{&quot;background_background&quot;:&quot;classic&quot;}\">\n\t\t\t\t\t<div class=\"e-con-inner\">\n\t\t\t\t<div class=\"elementor-element elementor-element-4b62e59e section-style-red elementor-widget elementor-widget-Section settings\" data-id=\"4b62e59e\" data-element_type=\"widget\" data-e-type=\"widget\" data-widget_type=\"Section settings.default\">\n\t\t\t\t<div class=\"elementor-widget-container\">\n\t\t\t\t\t\t\t\t\t\t\t<\/div>\n\t\t\t\t<\/div>\n\t\t<div class=\"elementor-element elementor-element-5df557e5 e-con-full e-flex translate-yes e-con e-child\" data-id=\"5df557e5\" data-element_type=\"container\" data-e-type=\"container\">\n\t\t<div class=\"elementor-element elementor-element-678685 e-con-full e-flex translate-yes e-con e-child\" data-id=\"678685\" data-element_type=\"container\" data-e-type=\"container\">\n\t\t\t\t<div class=\"elementor-element elementor-element-78e168b3 elementor-widget elementor-widget-heading\" data-id=\"78e168b3\" data-element_type=\"widget\" data-e-type=\"widget\" data-widget_type=\"heading.default\">\n\t\t\t\t<div class=\"elementor-widget-container\">\n\t\t\t\t\t<h2 class=\"elementor-heading-title elementor-size-default\">M\u1eabu \u0111\u01a1n \u0111\u0103ng k\u00fd Trung t\u00e2m nghi\u00ean c\u1ee9u qu\u1ed1c t\u1ebf NCUK:<\/h2>\t\t\t\t<\/div>\n\t\t\t\t<\/div>\n\t\t<div class=\"elementor-element elementor-element-7d673c1 e-con-full e-flex translate-yes e-con e-child\" data-id=\"7d673c1\" data-element_type=\"container\" data-e-type=\"container\">\n\t\t\t\t<div class=\"elementor-element elementor-element-283ff420 elementor-align-center elementor-widget elementor-widget-button\" data-id=\"283ff420\" data-element_type=\"widget\" data-e-type=\"widget\" data-widget_type=\"button.default\">\n\t\t\t\t<div class=\"elementor-widget-container\">\n\t\t\t\t\t\t\t\t\t<div class=\"elementor-button-wrapper\">\n\t\t\t\t\t<a class=\"elementor-button elementor-button-link elementor-size-sm\" href=\"#\">\n\t\t\t\t\t\t<span class=\"elementor-button-content-wrapper\">\n\t\t\t\t\t\t\t\t\t<span class=\"elementor-button-text\">Trung t\u00e2m Nghi\u00ean c\u1ee9u Qu\u1ed1c t\u1ebf<\/span>\n\t\t\t\t\t<\/span>\n\t\t\t\t\t<\/a>\n\t\t\t\t<\/div>\n\t\t\t\t\t\t\t\t<\/div>\n\t\t\t\t<\/div>\n\t\t\t\t<div class=\"elementor-element elementor-element-f8444cc elementor-align-center elementor-widget elementor-widget-button\" data-id=\"f8444cc\" data-element_type=\"widget\" data-e-type=\"widget\" data-widget_type=\"button.default\">\n\t\t\t\t<div class=\"elementor-widget-container\">\n\t\t\t\t\t\t\t\t\t<div class=\"elementor-button-wrapper\">\n\t\t\t\t\t<a class=\"elementor-button elementor-button-link elementor-size-sm\" href=\"https:\/\/ncuk.malverninternational.com\/vi\/chuong-trinh-cua-chung-toi\/\">\n\t\t\t\t\t\t<span class=\"elementor-button-content-wrapper\">\n\t\t\t\t\t\t\t\t\t<span class=\"elementor-button-text\">Ch\u01b0\u01a1ng tr\u00ecnh c\u1ee7a ch\u00fang t\u00f4i<\/span>\n\t\t\t\t\t<\/span>\n\t\t\t\t\t<\/a>\n\t\t\t\t<\/div>\n\t\t\t\t\t\t\t\t<\/div>\n\t\t\t\t<\/div>\n\t\t\t\t<\/div>\n\t\t\t\t<\/div>\n\t\t\t\t<\/div>\n\t\t\t\t\t<\/div>\n\t\t\t\t<\/div>\n\t\t<div class=\"elementor-element elementor-element-1588de35 body-text-1col e-grid e-con-boxed translate-yes e-con e-parent\" data-id=\"1588de35\" data-element_type=\"container\" data-e-type=\"container\">\n\t\t\t\t\t<div class=\"e-con-inner\">\n\t\t<div class=\"elementor-element elementor-element-30f18a6d e-con-full e-flex translate-yes e-con e-child\" data-id=\"30f18a6d\" data-element_type=\"container\" data-e-type=\"container\">\n\t\t\t\t<div class=\"elementor-element elementor-element-45c93218 elementor-widget elementor-widget-text-editor\" data-id=\"45c93218\" data-element_type=\"widget\" data-e-type=\"widget\" data-widget_type=\"text-editor.default\">\n\t\t\t\t<div class=\"elementor-widget-container\">\n\t\t\t\t\t\t\t\t\t<div class=\"ewa-rteLine\">\u0110\u1ec3 \u0111\u0103ng k\u00fd m\u1ed9t trong c\u00e1c ch\u01b0\u01a1ng tr\u00ecnh h\u1ecdc c\u1ee7a ch\u00fang t\u00f4i, vui l\u00f2ng \u0111i\u1ec1n v\u00e0o m\u1eabu \u0111\u01a1n \u0111\u0103ng k\u00fd tr\u1ef1c tuy\u1ebfn. M\u1eabu \u0111\u01a1n s\u1ebd h\u1ecfi b\u1ea1n m\u1ed9t s\u1ed1 c\u00e2u h\u1ecfi c\u01a1 b\u1ea3n, bao g\u1ed3m th\u00f4ng tin c\u00e1 nh\u00e2n, ch\u01b0\u01a1ng tr\u00ecnh h\u1ecdc mong mu\u1ed1n v\u00e0 l\u1ecbch s\u1eed h\u1ecdc t\u1eadp c\u1ee7a b\u1ea1n, \u0111\u1ec3 gi\u00fap ch\u00fang t\u00f4i \u0111\u00e1nh gi\u00e1 tr\u00ecnh \u0111\u1ed9 h\u1ecdc v\u1ea5n c\u1ee7a b\u1ea1n.<\/div><div class=\"ewa-rteLine\">\u00a0<\/div><div class=\"ewa-rteLine\">B\u1ea1n c\u00f3 th\u1ec3 ch\u1ecdn t\u1ea3i l\u00ean c\u00e1c t\u00e0i li\u1ec7u h\u1ed7 tr\u1ee3, ch\u1eb3ng h\u1ea1n nh\u01b0 b\u1ea3ng \u0111i\u1ec3m, ch\u1ee9ng ch\u1ec9 ti\u1ebfng Anh v\u00e0 b\u1ea3n sao h\u1ed9 chi\u1ebfu, v.v. c\u00f9ng v\u1edbi \u0111\u01a1n \u0111\u0103ng k\u00fd tr\u1ef1c tuy\u1ebfn ho\u1eb7c n\u1ed9p \u0111\u01a1n m\u00e0 kh\u00f4ng c\u1ea7n c\u00e1c t\u00e0i li\u1ec7u n\u00e0y v\u00e0 b\u1ed5 sung sau. \u0110\u1ed9i ng\u0169 tuy\u1ec3n sinh c\u1ee7a ch\u00fang t\u00f4i s\u1ebd t\u01b0 v\u1ea5n v\u1ec1 c\u00e1c t\u00e0i li\u1ec7u c\u1ea7n thi\u1ebft \u0111\u1ec3 x\u1eed l\u00fd \u0111\u01a1n \u0111\u0103ng k\u00fd c\u1ee7a b\u1ea1n.<\/div><div class=\"ewa-rteLine\">\u00a0<\/div><div class=\"ewa-rteLine\">Vui l\u00f2ng \u0111i\u1ec1n \u0111\u1ea7y \u0111\u1ee7 t\u1ea5t c\u1ea3 c\u00e1c m\u1ee5c trong bi\u1ec3u m\u1eabu n\u00e0y v\u00e0 nh\u00f3m Tuy\u1ec3n sinh c\u1ee7a ch\u00fang t\u00f4i s\u1ebd xem x\u00e9t \u0111\u01a1n \u0111\u0103ng k\u00fd c\u1ee7a b\u1ea1n v\u00e0 li\u00ean h\u1ec7 v\u1edbi b\u1ea1n s\u1edbm.<\/div>\t\t\t\t\t\t\t\t<\/div>\n\t\t\t\t<\/div>\n\t\t\t\t<\/div>\n\t\t\t\t\t<\/div>\n\t\t\t\t<\/div>\n\t\t<div class=\"elementor-element elementor-element-87cd0cf e-flex e-con-boxed translate-yes e-con e-parent\" data-id=\"87cd0cf\" data-element_type=\"container\" data-e-type=\"container\">\n\t\t\t\t\t<div class=\"e-con-inner\">\n\t\t\t\t<div class=\"elementor-element elementor-element-72c0408 elementor-widget elementor-widget-html\" data-id=\"72c0408\" data-element_type=\"widget\" data-e-type=\"widget\" data-widget_type=\"html.default\">\n\t\t\t\t<div class=\"elementor-widget-container\">\n\t\t\t\t\t<iframe src=\"https:\/\/forms.student-crm.com\/Forms\/view\/c3caea3d-d8a9-46c9-a993-5871992aad12\" scrolling=\"yes\" seamless=\"seamless\" frameborder=\"0\" marginheight=\"0\" marginwidth=\"0\" width=\"100%\" id=\"WFM_22561_40\"><\/iframe>\n\n<style type=\"text\/css\">\n    #WFM_22561_40 {\n        margin: 0px;\n        border: 0px;\n        padding: 0px;\n        display: block;\n        height: 6000px;\n    }\n<\/style>\t\t\t\t<\/div>\n\t\t\t\t<\/div>\n\t\t\t\t\t<\/div>\n\t\t\t\t<\/div>\n\t\t\t\t<\/div>","protected":false},"excerpt":{"rendered":"<p>NCUK International Study Centre application form: International Study Centre Our programmes To apply for one of our study programmes, complete our online application form. The form will ask you some basic questions including your personal details, preferred programme and your education history, to help us assess your academic level.\u00a0You can choose to upload your supporting [&hellip;]<\/p>\n","protected":false},"author":27,"featured_media":0,"parent":0,"menu_order":0,"comment_status":"closed","ping_status":"closed","template":"","meta":{"_acf_changed":false,"footnotes":""},"class_list":["post-19573","page","type-page","status-publish","hentry"],"acf":[],"yoast_head":"<!-- This site is optimized with the Yoast SEO plugin v27.2 - https:\/\/yoast.com\/product\/yoast-seo-wordpress\/ -->\n<title>Apply Now | NCUK International Study Centre Application Form<\/title>\n<meta name=\"description\" content=\"Complete your NCUK International Study Centre application online. Submit your details to start your study journey with global university progression options.\" \/>\n<meta name=\"robots\" content=\"index, follow, max-snippet:-1, max-image-preview:large, max-video-preview:-1\" \/>\n<link rel=\"canonical\" href=\"https:\/\/ncuk.malverninternational.com\/vi\/nop-don-ngay\/\" \/>\n<meta property=\"og:locale\" content=\"vi_VN\" \/>\n<meta property=\"og:type\" content=\"article\" \/>\n<meta property=\"og:title\" content=\"Apply Now | NCUK International Study Centre Application Form\" \/>\n<meta property=\"og:description\" content=\"Complete your NCUK International Study Centre application online. Submit your details to start your study journey with global university progression options.\" \/>\n<meta property=\"og:url\" content=\"https:\/\/ncuk.malverninternational.com\/vi\/nop-don-ngay\/\" \/>\n<meta property=\"og:site_name\" content=\"NCUK Study Centre\" \/>\n<meta property=\"article:modified_time\" content=\"2025-11-26T10:09:38+00:00\" \/>\n<meta property=\"og:image\" content=\"https:\/\/ncuk.malverninternational.com\/wp-content\/uploads\/sites\/3\/2025\/06\/NCUK-Fallback.jpg\" \/>\n\t<meta property=\"og:image:width\" content=\"1200\" \/>\n\t<meta property=\"og:image:height\" content=\"675\" \/>\n\t<meta property=\"og:image:type\" content=\"image\/jpeg\" \/>\n<meta name=\"twitter:card\" content=\"summary_large_image\" \/>\n<meta name=\"twitter:label1\" content=\"Est. reading time\" \/>\n\t<meta name=\"twitter:data1\" content=\"1 minute\" \/>\n<script type=\"application\/ld+json\" class=\"yoast-schema-graph\">{\"@context\":\"https:\/\/schema.org\",\"@graph\":[{\"@type\":\"WebPage\",\"@id\":\"https:\/\/ncuk.malverninternational.com\/apply-now\/\",\"url\":\"https:\/\/ncuk.malverninternational.com\/apply-now\/\",\"name\":\"Apply Now | NCUK International Study Centre Application Form\",\"isPartOf\":{\"@id\":\"https:\/\/ncuk.malverninternational.com\/#website\"},\"datePublished\":\"2025-06-03T12:50:04+00:00\",\"dateModified\":\"2025-11-26T10:09:38+00:00\",\"description\":\"Complete your NCUK International Study Centre application online. Submit your details to start your study journey with global university progression options.\",\"breadcrumb\":{\"@id\":\"https:\/\/ncuk.malverninternational.com\/apply-now\/#breadcrumb\"},\"inLanguage\":\"vi\",\"potentialAction\":[{\"@type\":\"ReadAction\",\"target\":[\"https:\/\/ncuk.malverninternational.com\/apply-now\/\"]}]},{\"@type\":\"BreadcrumbList\",\"@id\":\"https:\/\/ncuk.malverninternational.com\/apply-now\/#breadcrumb\",\"itemListElement\":[{\"@type\":\"ListItem\",\"position\":1,\"name\":\"Home\",\"item\":\"https:\/\/ncuk.malverninternational.com\/\"},{\"@type\":\"ListItem\",\"position\":2,\"name\":\"Apply now\"}]},{\"@type\":\"WebSite\",\"@id\":\"https:\/\/ncuk.malverninternational.com\/#website\",\"url\":\"https:\/\/ncuk.malverninternational.com\/\",\"name\":\"NCUK Study Centre\",\"description\":\"\",\"alternateName\":\"NCUK Study Centre\",\"potentialAction\":[{\"@type\":\"SearchAction\",\"target\":{\"@type\":\"EntryPoint\",\"urlTemplate\":\"https:\/\/ncuk.malverninternational.com\/?s={search_term_string}\"},\"query-input\":{\"@type\":\"PropertyValueSpecification\",\"valueRequired\":true,\"valueName\":\"search_term_string\"}}],\"inLanguage\":\"vi\"}]}<\/script>\n<!-- \/ Yoast SEO plugin. -->","yoast_head_json":{"title":"N\u1ed9p \u0111\u01a1n ngay | M\u1eabu \u0111\u01a1n \u0111\u0103ng k\u00fd Trung t\u00e2m Nghi\u00ean c\u1ee9u Qu\u1ed1c t\u1ebf NCUK","description":"Ho\u00e0n t\u1ea5t \u0111\u01a1n \u0111\u0103ng k\u00fd Trung t\u00e2m Nghi\u00ean c\u1ee9u Qu\u1ed1c t\u1ebf NCUK tr\u1ef1c tuy\u1ebfn. G\u1eedi th\u00f4ng tin chi ti\u1ebft \u0111\u1ec3 b\u1eaft \u0111\u1ea7u h\u00e0nh tr\u00ecnh h\u1ecdc t\u1eadp v\u1edbi c\u00e1c l\u1ef1a ch\u1ecdn chuy\u1ec3n ti\u1ebfp l\u00ean \u0111\u1ea1i h\u1ecdc to\u00e0n c\u1ea7u.","robots":{"index":"index","follow":"follow","max-snippet":"max-snippet:-1","max-image-preview":"max-image-preview:large","max-video-preview":"max-video-preview:-1"},"canonical":"https:\/\/ncuk.malverninternational.com\/vi\/nop-don-ngay\/","og_locale":"vi_VN","og_type":"article","og_title":"Apply Now | NCUK International Study Centre Application Form","og_description":"Complete your NCUK International Study Centre application online. Submit your details to start your study journey with global university progression options.","og_url":"https:\/\/ncuk.malverninternational.com\/vi\/nop-don-ngay\/","og_site_name":"NCUK Study Centre","article_modified_time":"2025-11-26T10:09:38+00:00","og_image":[{"width":1200,"height":675,"url":"https:\/\/ncuk.malverninternational.com\/wp-content\/uploads\/sites\/3\/2025\/06\/NCUK-Fallback.jpg","type":"image\/jpeg"}],"twitter_card":"summary_large_image","twitter_misc":{"Est. reading time":"1 minute"},"schema":{"@context":"https:\/\/schema.org","@graph":[{"@type":"WebPage","@id":"https:\/\/ncuk.malverninternational.com\/apply-now\/","url":"https:\/\/ncuk.malverninternational.com\/apply-now\/","name":"N\u1ed9p \u0111\u01a1n ngay | M\u1eabu \u0111\u01a1n \u0111\u0103ng k\u00fd Trung t\u00e2m Nghi\u00ean c\u1ee9u Qu\u1ed1c t\u1ebf NCUK","isPartOf":{"@id":"https:\/\/ncuk.malverninternational.com\/#website"},"datePublished":"2025-06-03T12:50:04+00:00","dateModified":"2025-11-26T10:09:38+00:00","description":"Ho\u00e0n t\u1ea5t \u0111\u01a1n \u0111\u0103ng k\u00fd Trung t\u00e2m Nghi\u00ean c\u1ee9u Qu\u1ed1c t\u1ebf NCUK tr\u1ef1c tuy\u1ebfn. G\u1eedi th\u00f4ng tin chi ti\u1ebft \u0111\u1ec3 b\u1eaft \u0111\u1ea7u h\u00e0nh tr\u00ecnh h\u1ecdc t\u1eadp v\u1edbi c\u00e1c l\u1ef1a ch\u1ecdn chuy\u1ec3n ti\u1ebfp l\u00ean \u0111\u1ea1i h\u1ecdc to\u00e0n c\u1ea7u.","breadcrumb":{"@id":"https:\/\/ncuk.malverninternational.com\/apply-now\/#breadcrumb"},"inLanguage":"vi","potentialAction":[{"@type":"ReadAction","target":["https:\/\/ncuk.malverninternational.com\/apply-now\/"]}]},{"@type":"BreadcrumbList","@id":"https:\/\/ncuk.malverninternational.com\/apply-now\/#breadcrumb","itemListElement":[{"@type":"ListItem","position":1,"name":"Home","item":"https:\/\/ncuk.malverninternational.com\/"},{"@type":"ListItem","position":2,"name":"Apply now"}]},{"@type":"WebSite","@id":"https:\/\/ncuk.malverninternational.com\/#website","url":"https:\/\/ncuk.malverninternational.com\/","name":"Trung t\u00e2m nghi\u00ean c\u1ee9u NCUK","description":"","alternateName":"NCUK Study Centre","potentialAction":[{"@type":"SearchAction","target":{"@type":"EntryPoint","urlTemplate":"https:\/\/ncuk.malverninternational.com\/?s={search_term_string}"},"query-input":{"@type":"PropertyValueSpecification","valueRequired":true,"valueName":"search_term_string"}}],"inLanguage":"vi"}]}},"_links":{"self":[{"href":"https:\/\/ncuk.malverninternational.com\/vi\/wp-json\/wp\/v2\/pages\/19573","targetHints":{"allow":["GET"]}}],"collection":[{"href":"https:\/\/ncuk.malverninternational.com\/vi\/wp-json\/wp\/v2\/pages"}],"about":[{"href":"https:\/\/ncuk.malverninternational.com\/vi\/wp-json\/wp\/v2\/types\/page"}],"author":[{"embeddable":true,"href":"https:\/\/ncuk.malverninternational.com\/vi\/wp-json\/wp\/v2\/users\/27"}],"replies":[{"embeddable":true,"href":"https:\/\/ncuk.malverninternational.com\/vi\/wp-json\/wp\/v2\/comments?post=19573"}],"version-history":[{"count":12,"href":"https:\/\/ncuk.malverninternational.com\/vi\/wp-json\/wp\/v2\/pages\/19573\/revisions"}],"predecessor-version":[{"id":22953,"href":"https:\/\/ncuk.malverninternational.com\/vi\/wp-json\/wp\/v2\/pages\/19573\/revisions\/22953"}],"wp:attachment":[{"href":"https:\/\/ncuk.malverninternational.com\/vi\/wp-json\/wp\/v2\/media?parent=19573"}],"curies":[{"name":"wp","href":"https:\/\/api.w.org\/{rel}","templated":true}]}}