{"id":23097,"date":"2026-02-20T09:39:35","date_gmt":"2026-02-20T09:39:35","guid":{"rendered":"https:\/\/ncuk.malverninternational.com\/?page_id=23097"},"modified":"2026-02-20T09:46:51","modified_gmt":"2026-02-20T09:46:51","slug":"cach-thanh-toan","status":"publish","type":"page","link":"https:\/\/ncuk.malverninternational.com\/vi\/how-to-pay\/","title":{"rendered":"C\u00e1ch thanh to\u00e1n"},"content":{"rendered":"<div data-elementor-type=\"wp-page\" data-elementor-id=\"23097\" class=\"elementor elementor-23097\" data-elementor-post-type=\"page\">\n\t\t\t\t<div class=\"elementor-element elementor-element-2996eac8 body-header-small e-flex e-con-boxed translate-yes e-con e-parent\" data-id=\"2996eac8\" data-element_type=\"container\" data-e-type=\"container\" data-settings=\"{&quot;background_background&quot;:&quot;classic&quot;}\">\n\t\t\t\t\t<div class=\"e-con-inner\">\n\t\t\t\t<div class=\"elementor-element elementor-element-4cc67466 section-style-red elementor-widget elementor-widget-Section settings\" data-id=\"4cc67466\" data-element_type=\"widget\" data-e-type=\"widget\" data-widget_type=\"Section settings.default\">\n\t\t\t\t<div class=\"elementor-widget-container\">\n\t\t\t\t\t\t\t\t\t\t\t<\/div>\n\t\t\t\t<\/div>\n\t\t<div class=\"elementor-element elementor-element-71d636ee e-con-full e-flex translate-yes e-con e-child\" data-id=\"71d636ee\" data-element_type=\"container\" data-e-type=\"container\">\n\t\t\t\t<div class=\"elementor-element elementor-element-17097d28 elementor-widget elementor-widget-heading\" data-id=\"17097d28\" data-element_type=\"widget\" data-e-type=\"widget\" data-widget_type=\"heading.default\">\n\t\t\t\t<div class=\"elementor-widget-container\">\n\t\t\t\t\t<span class=\"elementor-heading-title elementor-size-default\">TH\u00d4NG TIN H\u1eeeU \u00cdCH<\/span>\t\t\t\t<\/div>\n\t\t\t\t<\/div>\n\t\t<div class=\"elementor-element elementor-element-76598fdb e-con-full e-flex translate-yes e-con e-child\" data-id=\"76598fdb\" data-element_type=\"container\" data-e-type=\"container\">\n\t\t\t\t<div class=\"elementor-element elementor-element-4f89674b elementor-widget elementor-widget-heading\" data-id=\"4f89674b\" data-element_type=\"widget\" data-e-type=\"widget\" data-widget_type=\"heading.default\">\n\t\t\t\t<div class=\"elementor-widget-container\">\n\t\t\t\t\t<h2 class=\"elementor-heading-title elementor-size-default\">C\u00e1ch thanh to\u00e1n<\/h2>\t\t\t\t<\/div>\n\t\t\t\t<\/div>\n\t\t\t\t<\/div>\n\t\t\t\t<\/div>\n\t\t\t\t\t<\/div>\n\t\t\t\t<\/div>\n\t\t<div class=\"elementor-element elementor-element-31ea5061 body-text-1col e-grid e-con-boxed translate-yes e-con e-parent\" data-id=\"31ea5061\" data-element_type=\"container\" data-e-type=\"container\">\n\t\t\t\t\t<div class=\"e-con-inner\">\n\t\t<div class=\"elementor-element elementor-element-537409c3 e-con-full e-flex translate-yes e-con e-child\" data-id=\"537409c3\" data-element_type=\"container\" data-e-type=\"container\">\n\t\t\t\t<div class=\"elementor-element elementor-element-32ef92e8 elementor-widget elementor-widget-heading\" data-id=\"32ef92e8\" data-element_type=\"widget\" data-e-type=\"widget\" data-widget_type=\"heading.default\">\n\t\t\t\t<div class=\"elementor-widget-container\">\n\t\t\t\t\t<h2 class=\"elementor-heading-title elementor-size-default\">T\u00f4i c\u1ea7n ph\u1ea3i tr\u1ea3 nh\u1eefng g\u00ec?<\/h2>\t\t\t\t<\/div>\n\t\t\t\t<\/div>\n\t\t\t\t<div class=\"elementor-element elementor-element-adafe64 elementor-widget elementor-widget-text-editor\" data-id=\"adafe64\" data-element_type=\"widget\" data-e-type=\"widget\" data-widget_type=\"text-editor.default\">\n\t\t\t\t<div class=\"elementor-widget-container\">\n\t\t\t\t\t\t\t\t\t<p>Th\u01b0 m\u1eddi nh\u1eadp h\u1ecdc c\u1ee7a b\u1ea1n n\u00ean bao g\u1ed3m k\u1ebf ho\u1ea1ch thanh to\u00e1n, trong \u0111\u00f3 c\u00f3 chi ti\u1ebft v\u1ec1 kho\u1ea3n \u0111\u1eb7t c\u1ecdc v\u00e0 h\u1ecdc ph\u00ed c\u1ee7a b\u1ea1n, c\u0169ng nh\u01b0 c\u00e1c m\u1ed1c th\u1eddi gian thanh to\u00e1n.<\/p>\t\t\t\t\t\t\t\t<\/div>\n\t\t\t\t<\/div>\n\t\t\t\t<\/div>\n\t\t\t\t\t<\/div>\n\t\t\t\t<\/div>\n\t\t<div class=\"elementor-element elementor-element-9b23da8 body-text-1col e-grid e-con-boxed translate-yes e-con e-parent\" data-id=\"9b23da8\" data-element_type=\"container\" data-e-type=\"container\">\n\t\t\t\t\t<div class=\"e-con-inner\">\n\t\t<div class=\"elementor-element elementor-element-d73de5c e-con-full e-flex translate-yes e-con e-child\" data-id=\"d73de5c\" data-element_type=\"container\" data-e-type=\"container\">\n\t\t\t\t<div class=\"elementor-element elementor-element-41e2180 elementor-widget elementor-widget-heading\" data-id=\"41e2180\" data-element_type=\"widget\" data-e-type=\"widget\" data-widget_type=\"heading.default\">\n\t\t\t\t<div class=\"elementor-widget-container\">\n\t\t\t\t\t<h2 class=\"elementor-heading-title elementor-size-default\">T\u00f4i thanh to\u00e1n nh\u01b0 th\u1ebf n\u00e0o?<\/h2>\t\t\t\t<\/div>\n\t\t\t\t<\/div>\n\t\t\t\t<div class=\"elementor-element elementor-element-3a003b6 elementor-widget elementor-widget-text-editor\" data-id=\"3a003b6\" data-element_type=\"widget\" data-e-type=\"widget\" data-widget_type=\"text-editor.default\">\n\t\t\t\t<div class=\"elementor-widget-container\">\n\t\t\t\t\t\t\t\t\t<p>\u0110\u1ec3 thanh to\u00e1n kho\u1ea3n \u0111\u1eb7t c\u1ecdc v\u00e0\/ho\u1eb7c h\u1ecdc ph\u00ed, vui l\u00f2ng s\u1eed d\u1ee5ng li\u00ean k\u1ebft b\u00ean d\u01b0\u1edbi \u0111\u1ec3 truy c\u1eadp c\u1ed5ng thanh to\u00e1n an to\u00e0n do Flywire cung c\u1ea5p. B\u1ea1n c\u1ea7n cung c\u1ea5p t\u00ean \u0111\u1ea7y \u0111\u1ee7 v\u00e0 m\u00e3 \u0111\u01a1n \u0111\u0103ng k\u00fd (c\u00f3 trong th\u01b0 m\u1eddi nh\u1eadp h\u1ecdc) l\u00e0m th\u00f4ng tin tham chi\u1ebfu thanh to\u00e1n \u0111\u1ec3 ch\u00fang t\u00f4i c\u00f3 th\u1ec3 d\u1ec5 d\u00e0ng nh\u1eadn di\u1ec7n kho\u1ea3n thanh to\u00e1n c\u1ee7a b\u1ea1n. L\u01b0u \u00fd: Thanh to\u00e1n cho Trung t\u00e2m H\u1ecdc t\u1eadp Qu\u1ed1c t\u1ebf kh\u00f4ng th\u1ec3 th\u1ef1c hi\u1ec7n tr\u1ef1c ti\u1ebfp v\u1edbi tr\u01b0\u1eddng \u0111\u1ea1i h\u1ecdc, m\u00e0 ch\u1ec9 c\u00f3 th\u1ec3 th\u1ef1c hi\u1ec7n qua li\u00ean k\u1ebft b\u00ean d\u01b0\u1edbi. N\u1ebfu c\u00f3 b\u1ea5t k\u1ef3 c\u00e2u h\u1ecfi n\u00e0o, vui l\u00f2ng li\u00ean h\u1ec7\u00a0\u00a0<a class=\"ProsemirrorEditor-link\" href=\"mailto:pathways@malvernplc.com\">pathways@malvernplc.com<\/a><\/p><p>S\u1eed d\u1ee5ng bi\u1ec3u m\u1eabu b\u00ean d\u01b0\u1edbi \u0111\u1ec3 th\u1ef1c hi\u1ec7n thanh to\u00e1n.<\/p><p><iframe src=\"https:\/\/flywire.com\/widget\/transfers\/new?school_subdomain=malvernhouselondon\" width=\"520\" height=\"500\" frameborder=\"0\" scrolling=\"no\"><\/iframe><\/p>\t\t\t\t\t\t\t\t<\/div>\n\t\t\t\t<\/div>\n\t\t\t\t<\/div>\n\t\t\t\t\t<\/div>\n\t\t\t\t<\/div>\n\t\t\t\t<\/div>","protected":false},"excerpt":{"rendered":"<p>USEFUL INFORMATION How to pay What do I need to pay? Your offer letter should include your payment plan, where you can find details of your deposit and your tuition fee, as well as the payment due dates. How do I pay? To pay your deposit and\/or tuition fee, please use the link below to [&hellip;]<\/p>\n","protected":false},"author":27,"featured_media":0,"parent":0,"menu_order":0,"comment_status":"closed","ping_status":"closed","template":"","meta":{"_acf_changed":false,"footnotes":""},"class_list":["post-23097","page","type-page","status-publish","hentry"],"acf":[],"yoast_head":"<!-- This site is optimized with the Yoast SEO plugin v27.5 - https:\/\/yoast.com\/product\/yoast-seo-wordpress\/ -->\n<title>How to pay | NCUK Study Centre<\/title>\n<meta name=\"robots\" content=\"index, follow, max-snippet:-1, max-image-preview:large, max-video-preview:-1\" \/>\n<link rel=\"canonical\" href=\"https:\/\/ncuk.malverninternational.com\/vi\/cach-thanh-toan\/\" \/>\n<meta property=\"og:locale\" content=\"vi_VN\" \/>\n<meta property=\"og:type\" content=\"article\" \/>\n<meta property=\"og:title\" content=\"How to pay | NCUK Study Centre\" \/>\n<meta property=\"og:description\" content=\"USEFUL INFORMATION How to pay What do I need to pay? Your offer letter should include your payment plan, where you can find details of your deposit and your tuition fee, as well as the payment due dates. How do I pay? To pay your deposit and\/or tuition fee, please use the link below to [&hellip;]\" \/>\n<meta property=\"og:url\" content=\"https:\/\/ncuk.malverninternational.com\/vi\/cach-thanh-toan\/\" \/>\n<meta property=\"og:site_name\" content=\"NCUK Study Centre\" \/>\n<meta property=\"article:modified_time\" content=\"2026-02-20T09:46:51+00:00\" \/>\n<meta property=\"og:image\" content=\"https:\/\/ncuk.malverninternational.com\/wp-content\/uploads\/sites\/3\/2025\/06\/NCUK-Fallback.jpg\" \/>\n\t<meta property=\"og:image:width\" content=\"1200\" \/>\n\t<meta property=\"og:image:height\" content=\"675\" \/>\n\t<meta property=\"og:image:type\" content=\"image\/jpeg\" \/>\n<meta name=\"twitter:card\" content=\"summary_large_image\" \/>\n<meta name=\"twitter:label1\" content=\"Est. reading time\" \/>\n\t<meta name=\"twitter:data1\" content=\"1 minute\" \/>\n<script type=\"application\/ld+json\" class=\"yoast-schema-graph\">{\"@context\":\"https:\\\/\\\/schema.org\",\"@graph\":[{\"@type\":\"WebPage\",\"@id\":\"https:\\\/\\\/ncuk.malverninternational.com\\\/how-to-pay\\\/\",\"url\":\"https:\\\/\\\/ncuk.malverninternational.com\\\/how-to-pay\\\/\",\"name\":\"How to pay | NCUK Study Centre\",\"isPartOf\":{\"@id\":\"https:\\\/\\\/ncuk.malverninternational.com\\\/#website\"},\"datePublished\":\"2026-02-20T09:39:35+00:00\",\"dateModified\":\"2026-02-20T09:46:51+00:00\",\"breadcrumb\":{\"@id\":\"https:\\\/\\\/ncuk.malverninternational.com\\\/how-to-pay\\\/#breadcrumb\"},\"inLanguage\":\"vi\",\"potentialAction\":[{\"@type\":\"ReadAction\",\"target\":[\"https:\\\/\\\/ncuk.malverninternational.com\\\/how-to-pay\\\/\"]}]},{\"@type\":\"BreadcrumbList\",\"@id\":\"https:\\\/\\\/ncuk.malverninternational.com\\\/how-to-pay\\\/#breadcrumb\",\"itemListElement\":[{\"@type\":\"ListItem\",\"position\":1,\"name\":\"Home\",\"item\":\"https:\\\/\\\/ncuk.malverninternational.com\\\/\"},{\"@type\":\"ListItem\",\"position\":2,\"name\":\"How to pay\"}]},{\"@type\":\"WebSite\",\"@id\":\"https:\\\/\\\/ncuk.malverninternational.com\\\/#website\",\"url\":\"https:\\\/\\\/ncuk.malverninternational.com\\\/\",\"name\":\"NCUK Study Centre\",\"description\":\"\",\"alternateName\":\"NCUK Study Centre\",\"potentialAction\":[{\"@type\":\"SearchAction\",\"target\":{\"@type\":\"EntryPoint\",\"urlTemplate\":\"https:\\\/\\\/ncuk.malverninternational.com\\\/?s={search_term_string}\"},\"query-input\":{\"@type\":\"PropertyValueSpecification\",\"valueRequired\":true,\"valueName\":\"search_term_string\"}}],\"inLanguage\":\"vi\"}]}<\/script>\n<!-- \/ Yoast SEO plugin. -->","yoast_head_json":{"title":"C\u00e1ch thanh to\u00e1n | Trung t\u00e2m H\u1ecdc t\u1eadp NCUK","robots":{"index":"index","follow":"follow","max-snippet":"max-snippet:-1","max-image-preview":"max-image-preview:large","max-video-preview":"max-video-preview:-1"},"canonical":"https:\/\/ncuk.malverninternational.com\/vi\/cach-thanh-toan\/","og_locale":"vi_VN","og_type":"article","og_title":"How to pay | NCUK Study Centre","og_description":"USEFUL INFORMATION How to pay What do I need to pay? Your offer letter should include your payment plan, where you can find details of your deposit and your tuition fee, as well as the payment due dates. How do I pay? To pay your deposit and\/or tuition fee, please use the link below to [&hellip;]","og_url":"https:\/\/ncuk.malverninternational.com\/vi\/cach-thanh-toan\/","og_site_name":"NCUK Study Centre","article_modified_time":"2026-02-20T09:46:51+00:00","og_image":[{"width":1200,"height":675,"url":"https:\/\/ncuk.malverninternational.com\/wp-content\/uploads\/sites\/3\/2025\/06\/NCUK-Fallback.jpg","type":"image\/jpeg"}],"twitter_card":"summary_large_image","twitter_misc":{"Est. reading time":"1 minute"},"schema":{"@context":"https:\/\/schema.org","@graph":[{"@type":"WebPage","@id":"https:\/\/ncuk.malverninternational.com\/how-to-pay\/","url":"https:\/\/ncuk.malverninternational.com\/how-to-pay\/","name":"C\u00e1ch thanh to\u00e1n | Trung t\u00e2m H\u1ecdc t\u1eadp NCUK","isPartOf":{"@id":"https:\/\/ncuk.malverninternational.com\/#website"},"datePublished":"2026-02-20T09:39:35+00:00","dateModified":"2026-02-20T09:46:51+00:00","breadcrumb":{"@id":"https:\/\/ncuk.malverninternational.com\/how-to-pay\/#breadcrumb"},"inLanguage":"vi","potentialAction":[{"@type":"ReadAction","target":["https:\/\/ncuk.malverninternational.com\/how-to-pay\/"]}]},{"@type":"BreadcrumbList","@id":"https:\/\/ncuk.malverninternational.com\/how-to-pay\/#breadcrumb","itemListElement":[{"@type":"ListItem","position":1,"name":"Home","item":"https:\/\/ncuk.malverninternational.com\/"},{"@type":"ListItem","position":2,"name":"How to pay"}]},{"@type":"WebSite","@id":"https:\/\/ncuk.malverninternational.com\/#website","url":"https:\/\/ncuk.malverninternational.com\/","name":"Trung t\u00e2m nghi\u00ean c\u1ee9u NCUK","description":"","alternateName":"NCUK Study Centre","potentialAction":[{"@type":"SearchAction","target":{"@type":"EntryPoint","urlTemplate":"https:\/\/ncuk.malverninternational.com\/?s={search_term_string}"},"query-input":{"@type":"PropertyValueSpecification","valueRequired":true,"valueName":"search_term_string"}}],"inLanguage":"vi"}]}},"_links":{"self":[{"href":"https:\/\/ncuk.malverninternational.com\/vi\/wp-json\/wp\/v2\/pages\/23097","targetHints":{"allow":["GET"]}}],"collection":[{"href":"https:\/\/ncuk.malverninternational.com\/vi\/wp-json\/wp\/v2\/pages"}],"about":[{"href":"https:\/\/ncuk.malverninternational.com\/vi\/wp-json\/wp\/v2\/types\/page"}],"author":[{"embeddable":true,"href":"https:\/\/ncuk.malverninternational.com\/vi\/wp-json\/wp\/v2\/users\/27"}],"replies":[{"embeddable":true,"href":"https:\/\/ncuk.malverninternational.com\/vi\/wp-json\/wp\/v2\/comments?post=23097"}],"version-history":[{"count":7,"href":"https:\/\/ncuk.malverninternational.com\/vi\/wp-json\/wp\/v2\/pages\/23097\/revisions"}],"predecessor-version":[{"id":23119,"href":"https:\/\/ncuk.malverninternational.com\/vi\/wp-json\/wp\/v2\/pages\/23097\/revisions\/23119"}],"wp:attachment":[{"href":"https:\/\/ncuk.malverninternational.com\/vi\/wp-json\/wp\/v2\/media?parent=23097"}],"curies":[{"name":"wp","href":"https:\/\/api.w.org\/{rel}","templated":true}]}}